{"id":33,"date":"2016-01-01T12:12:16","date_gmt":"2016-01-01T11:12:16","guid":{"rendered":"http:\/\/wp12497006.server-he.de\/en\/?page_id=33"},"modified":"2022-03-04T17:21:12","modified_gmt":"2022-03-04T16:21:12","slug":"links","status":"publish","type":"page","link":"https:\/\/www.quintbuchholz.de\/en\/links\/","title":{"rendered":"Links"},"content":{"rendered":"\n<figure class=\"wp-block-image size-large is-resized\"><a href=\"https:\/\/www.instagram.com\/quintbuchholz\/?hl=de\" target=\"_blank\" rel=\"noreferrer noopener\"><img data-attachment-id=\"1501\" data-permalink=\"https:\/\/www.quintbuchholz.de\/en\/videos\/instagram-logo\/\" data-orig-file=\"https:\/\/www.quintbuchholz.de\/en\/wp-content\/uploads\/sites\/2\/2020\/04\/instagram-logo.png\" data-orig-size=\"768,199\" data-comments-opened=\"0\" data-image-meta=\"{&quot;aperture&quot;:&quot;0&quot;,&quot;credit&quot;:&quot;&quot;,&quot;camera&quot;:&quot;&quot;,&quot;caption&quot;:&quot;&quot;,&quot;created_timestamp&quot;:&quot;0&quot;,&quot;copyright&quot;:&quot;&quot;,&quot;focal_length&quot;:&quot;0&quot;,&quot;iso&quot;:&quot;0&quot;,&quot;shutter_speed&quot;:&quot;0&quot;,&quot;title&quot;:&quot;&quot;,&quot;orientation&quot;:&quot;0&quot;}\" data-image-title=\"instagram-logo\" data-image-description=\"\" data-image-caption=\"\" data-medium-file=\"https:\/\/www.quintbuchholz.de\/en\/wp-content\/uploads\/sites\/2\/2020\/04\/instagram-logo-300x78.png\" data-large-file=\"https:\/\/www.quintbuchholz.de\/en\/wp-content\/uploads\/sites\/2\/2020\/04\/instagram-logo.png\" src=\"https:\/\/www.quintbuchholz.de\/en\/wp-content\/uploads\/sites\/2\/2020\/04\/instagram-logo.png\" alt=\"\" class=\"wp-image-1501\" width=\"223\" height=\"58\" srcset=\"https:\/\/www.quintbuchholz.de\/en\/wp-content\/uploads\/sites\/2\/2020\/04\/instagram-logo.png 768w, https:\/\/www.quintbuchholz.de\/en\/wp-content\/uploads\/sites\/2\/2020\/04\/instagram-logo-300x78.png 300w, https:\/\/www.quintbuchholz.de\/en\/wp-content\/uploads\/sites\/2\/2020\/04\/instagram-logo-350x91.png 350w\" sizes=\"(max-width: 223px) 100vw, 223px\" \/><\/a><\/figure>\n\n\n\n<div style=\"height:20px\" aria-hidden=\"true\" class=\"wp-block-spacer\"><\/div>\n\n\n<h2>Press<\/h2>\n<p><a href=\"https:\/\/www.sueddeutsche.de\/muenchen\/dachau\/sz-serie-wortschatz-folge-poet-mit-pinsel-und-feder-1.4280220\" target=\"_blank\" rel=\"noopener noreferrer\">S\u00fcddeutsche Zeitung<\/a><br \/><a href=\"https:\/\/archive.nytimes.com\/www.nytimes.com\/books\/99\/11\/21\/reviews\/991121.21nodelmt.html\" target=\"_blank\" rel=\"noopener noreferrer\">New York Times<\/a><br \/><a href=\"https:\/\/www.neues-deutschland.de\/artikel\/209025.welt-ver-rueckt.html?sstr=quint|buchholz]\" target=\"_blank\" rel=\"noopener noreferrer\">Neues Deutschland<\/a><br \/><a href=\"https:\/\/www.zeit.de\/2019\/03\/index\" target=\"_blank\" rel=\"noopener noreferrer\">DIE ZEIT<\/a><br \/><a href=\"https:\/\/www.borromaeusverein.de\/auslese\/portraets\/portraet-quint-buchholz\/\" target=\"_blank\" rel=\"noopener noreferrer\">Borrom\u00e4usverein<\/a><\/p>\n<h2 class=\"p1\"><span class=\"s1\">Books<\/span><\/h2>\n<p><span class=\"s2\"><a href=\"http:\/\/www.hanser-literaturverlage.de\/autoren\/autor.html?id=20983\" target=\"_blank\" rel=\"noopener noreferrer\">Hanser Verlag<br \/><\/a><\/span><a href=\"https:\/\/www.suhrkamp.de\/buch\/das-meerbuch-t-9783458194811\" target=\"_blank\" rel=\"noopener noreferrer\">Insel Verlag<\/a><br \/><a href=\"http:\/\/www.fischerverlage.de\/buch\/der_langsame_weg_zum_glueck_ein_schneckenabenteuer\/9783737351614\" target=\"_blank\" rel=\"noopener noreferrer\">Fischer Verlag<\/a><br \/><a href=\"https:\/\/www.dtv.de\/buch\/nero-corleone-62508\" target=\"_blank\" rel=\"noopener noreferrer\">dtv\/Reihe Hanser<\/a><\/p>\n<h2 class=\"p1\"><span class=\"s1\">Audio Books<br \/><\/span><\/h2>\n<p><a href=\"http:\/\/www.randomhouse.de\/Hoerbuch\/Nero-Corleone-kehrt-zurueck\/Elke-Heidenreich\/der-Hoerverlag\/e441618.rhd\" target=\"_blank\" rel=\"noopener noreferrer\">Der H\u00f6rverlag<\/a><br \/><a href=\"http:\/\/www.argon-verlag.de\/2015\/09\/sepulveda-der-langsame-weg-zum-glueck\/\" target=\"_blank\" rel=\"noopener noreferrer\">Argon Verlag<\/a><\/p>\n<h2 class=\"p1\"><span class=\"s1\">Postcards<\/span><\/h2>\n<p class=\"p2\"><span class=\"s2\"><a href=\"https:\/\/www.inkognito.de\/buchholz-quint\/\" target=\"_blank\" rel=\"noopener noreferrer\">Inkognito<\/a><\/span><\/p>\n<h2 class=\"p1\"><span class=\"s1\">Calendars<\/span><\/h2>\n<p class=\"p1\"><a href=\"http:\/\/heye-kalender.de\/kuenstler\/b\/buchholz-quint\/\" target=\"_blank\" rel=\"noopener noreferrer\">Heye<\/a><\/p>\n<h2 class=\"p1\"><span class=\"s1\">Other<\/span><\/h2>\n<p><span class=\"s2\"><a href=\"https:\/\/www.beuteltier-art.de\/\" target=\"_blank\" rel=\"noopener noreferrer\">Beuteltier Art Galerie<\/a><br \/><a href=\"http:\/\/buchhandlung-am-obstmarkt.de\/de-user-Galerie-index.html\" target=\"_blank\" rel=\"noopener noreferrer\">Galerie der Buchhandlung am Obstmarkt<\/a> (Gallery by the Fruit Market)<br \/><a href=\"https:\/\/galerie-rothweiler.de\/kuenstler\/quint-buchholz\/\">Galerie Rothweiler<br \/><\/a><a href=\"http:\/\/www.galerie-villa-maria.de\/quint-buchholz\" target=\"_blank\" rel=\"noopener noreferrer\">Galerie Villa Maria<\/a><a href=\"http:\/\/www.bildgestaltung-bildobjekte.de\/Sites\/Kunstgalerie\/G_Kuenstler\/G_QuintBuchhl.html\"><br \/><\/a><a href=\"https:\/\/www.artundform.de\/quint-buchholz_bilder-der-ausstellung.html\" target=\"_blank\" rel=\"noopener noreferrer\">Galerie Art&amp;Form<\/a><\/span><span class=\"s1\"><br \/><a href=\"http:\/\/www.aniri.net\/\"><span class=\"s3\">Imke McMurtrie<\/span><\/a><br \/><a href=\"https:\/\/www.metropoltheater.com\/stueckdetails\/der-sammler-der-augenblicke\/20.html\"><span class=\"s3\">Metropol Theater<\/span><\/a><\/span><br \/><a href=\"https:\/\/arsvivendi.com\/Buch\/Search\/4250364114042-Quint-Buchholz-Wohldosierte-Weisheiten-Leben\">Ars Vivendi<\/a><\/p>\n<h2 class=\"p1\"><span class=\"s1\">Colleagues<\/span><\/h2>\n<p class=\"p2\"><span class=\"s2\"><a href=\"http:\/\/susannestrasser.de\/\" target=\"_blank\" rel=\"noopener noreferrer\">Susanne Stra\u00dfer<\/a><br \/><a href=\"https:\/\/www.reginakehn.de\/\" target=\"_blank\" rel=\"noopener noreferrer\">Regina Kehn<\/a><br \/><a href=\"https:\/\/www.susannejanssen.com\/\" target=\"_blank\" rel=\"noopener noreferrer\">Susanne Janssen<\/a><br \/><a href=\"https:\/\/www.ruecker-art.de\/\" target=\"_blank\" rel=\"noopener noreferrer\">Katharina R\u00fccker-Weininger<\/a><br \/><a href=\"http:\/\/www.linehoven.de\/\" target=\"_blank\" rel=\"noopener noreferrer\">Line Hoven<span class=\"s1\"><br \/><\/span><\/a><a href=\"http:\/\/www.ankebaer.de\/\" target=\"_blank\" rel=\"noopener noreferrer\">Anke B\u00e4r<\/a><a href=\"http:\/\/www.daniela-kulot.de\/\"><span class=\"s1\"><br \/><\/span><\/a><a href=\"http:\/\/rsbuecher.blogspot.com\/\" target=\"_blank\" rel=\"noopener noreferrer\">Rotraut Susanne Berner<\/a><a href=\"http:\/\/www.daniela-kulot.de\/\" target=\"_blank\" rel=\"noopener noreferrer\"><span class=\"s1\"><br \/><\/span>Daniela Kulot<span class=\"s1\"><br \/><\/span><\/a><a href=\"http:\/\/www.corneliavonseidlein.de\/\" target=\"_blank\" rel=\"noopener noreferrer\">Cornelia von Seidlein<span class=\"s1\"><br \/><\/span><\/a><a href=\"http:\/\/www.erhard-dietl.de\/\" target=\"_blank\" rel=\"noopener noreferrer\">Erhard Dietl<\/a><a href=\"http:\/\/www.corneliavonseidlein.de\/\"><span class=\"s1\"><br \/><\/span><\/a><a href=\"http:\/\/www.frank-kunert.de\/\" target=\"_blank\" rel=\"noopener noreferrer\">Frank Kunert<\/a><\/span><span class=\"s1\"><br \/><a href=\"http:\/\/www.reinhard-michl.de\/\" target=\"_blank\" rel=\"noopener noreferrer\"><span class=\"s3\">Reinhard Michl<\/span><\/a><br \/><a href=\"http:\/\/www.bernhard-oberdieck.com\/\" target=\"_blank\" rel=\"noopener noreferrer\"><span class=\"s3\">Bernhard Oberdieck<\/span><\/a><br \/><a href=\"http:\/\/www.shauntan.net\/\" target=\"_blank\" rel=\"noopener noreferrer\"><span class=\"s3\">Shaun Tan<\/span><\/a><a href=\"http:\/\/rabenatelier.de\/\" target=\"_blank\" rel=\"noopener noreferrer\"><span class=\"s4\"><br \/><\/span><span class=\"s3\">Christina Kraus<\/span><\/a><br \/><\/span><\/p>\n\n\n<p><\/p>\n","protected":false},"excerpt":{"rendered":"<p>Press S\u00fcddeutsche ZeitungNew York TimesNeues DeutschlandDIE ZEITBorrom\u00e4usverein Books Hanser VerlagInsel VerlagFischer Verlagdtv\/Reihe Hanser Audio Books Der H\u00f6rverlagArgon Verlag Postcards Inkognito Calendars Heye Other Beuteltier Art GalerieGalerie der Buchhandlung am Obstmarkt (Gallery by the Fruit Market)Galerie RothweilerGalerie Villa MariaGalerie Art&amp;FormImke McMurtrieMetropol TheaterArs Vivendi Colleagues Susanne Stra\u00dferRegina KehnSusanne JanssenKatharina R\u00fccker-WeiningerLine HovenAnke B\u00e4rRotraut Susanne BernerDaniela KulotCornelia von SeidleinErhard [&hellip;]<\/p>\n","protected":false},"author":1,"featured_media":0,"parent":0,"menu_order":0,"comment_status":"closed","ping_status":"closed","template":"","meta":{"jetpack_post_was_ever_published":false},"yoast_head":"<!-- This site is optimized with the Yoast SEO plugin v19.9 - https:\/\/yoast.com\/wordpress\/plugins\/seo\/ -->\n<title>Links | Quint Buchholz<\/title>\n<meta name=\"robots\" content=\"index, follow, max-snippet:-1, max-image-preview:large, max-video-preview:-1\" \/>\n<link rel=\"canonical\" href=\"https:\/\/www.quintbuchholz.de\/en\/links\/\" \/>\n<meta property=\"og:locale\" content=\"en_US\" \/>\n<meta property=\"og:type\" content=\"article\" \/>\n<meta property=\"og:title\" content=\"Links | Quint Buchholz\" \/>\n<meta property=\"og:description\" content=\"Press S\u00fcddeutsche ZeitungNew York TimesNeues DeutschlandDIE ZEITBorrom\u00e4usverein Books Hanser VerlagInsel VerlagFischer Verlagdtv\/Reihe Hanser Audio Books Der H\u00f6rverlagArgon Verlag Postcards Inkognito Calendars Heye Other Beuteltier Art GalerieGalerie der Buchhandlung am Obstmarkt (Gallery by the Fruit Market)Galerie RothweilerGalerie Villa MariaGalerie Art&amp;FormImke McMurtrieMetropol TheaterArs Vivendi Colleagues Susanne Stra\u00dferRegina KehnSusanne JanssenKatharina R\u00fccker-WeiningerLine HovenAnke B\u00e4rRotraut Susanne BernerDaniela KulotCornelia von SeidleinErhard [&hellip;]\" \/>\n<meta property=\"og:url\" content=\"https:\/\/www.quintbuchholz.de\/en\/links\/\" \/>\n<meta property=\"og:site_name\" content=\"Quint Buchholz\" \/>\n<meta property=\"article:modified_time\" content=\"2022-03-04T16:21:12+00:00\" \/>\n<meta property=\"og:image\" content=\"https:\/\/www.quintbuchholz.de\/en\/wp-content\/uploads\/sites\/2\/2020\/04\/instagram-logo.png\" \/>\n<meta name=\"twitter:card\" content=\"summary_large_image\" \/>\n<script type=\"application\/ld+json\" class=\"yoast-schema-graph\">{\"@context\":\"https:\/\/schema.org\",\"@graph\":[{\"@type\":\"WebPage\",\"@id\":\"https:\/\/www.quintbuchholz.de\/en\/links\/\",\"url\":\"https:\/\/www.quintbuchholz.de\/en\/links\/\",\"name\":\"Links | Quint Buchholz\",\"isPartOf\":{\"@id\":\"https:\/\/www.quintbuchholz.de\/en\/#website\"},\"datePublished\":\"2016-01-01T11:12:16+00:00\",\"dateModified\":\"2022-03-04T16:21:12+00:00\",\"breadcrumb\":{\"@id\":\"https:\/\/www.quintbuchholz.de\/en\/links\/#breadcrumb\"},\"inLanguage\":\"en-US\",\"potentialAction\":[{\"@type\":\"ReadAction\",\"target\":[\"https:\/\/www.quintbuchholz.de\/en\/links\/\"]}]},{\"@type\":\"BreadcrumbList\",\"@id\":\"https:\/\/www.quintbuchholz.de\/en\/links\/#breadcrumb\",\"itemListElement\":[{\"@type\":\"ListItem\",\"position\":1,\"name\":\"Startseite\",\"item\":\"https:\/\/www.quintbuchholz.de\/en\/\"},{\"@type\":\"ListItem\",\"position\":2,\"name\":\"Links\"}]},{\"@type\":\"WebSite\",\"@id\":\"https:\/\/www.quintbuchholz.de\/en\/#website\",\"url\":\"https:\/\/www.quintbuchholz.de\/en\/\",\"name\":\"Quint Buchholz\",\"description\":\"\",\"publisher\":{\"@id\":\"https:\/\/www.quintbuchholz.de\/en\/#\/schema\/person\/09ac99d18f838bb403752c1cbf3b2388\"},\"potentialAction\":[{\"@type\":\"SearchAction\",\"target\":{\"@type\":\"EntryPoint\",\"urlTemplate\":\"https:\/\/www.quintbuchholz.de\/en\/?s={search_term_string}\"},\"query-input\":\"required name=search_term_string\"}],\"inLanguage\":\"en-US\"},{\"@type\":[\"Person\",\"Organization\"],\"@id\":\"https:\/\/www.quintbuchholz.de\/en\/#\/schema\/person\/09ac99d18f838bb403752c1cbf3b2388\",\"name\":\"Quint Buchholz\",\"image\":{\"@type\":\"ImageObject\",\"inLanguage\":\"en-US\",\"@id\":\"https:\/\/www.quintbuchholz.de\/en\/#\/schema\/person\/image\/\",\"url\":\"https:\/\/secure.gravatar.com\/avatar\/4a284f48ea909d7b59ef1a93da122743?s=96&d=mm&r=g\",\"contentUrl\":\"https:\/\/secure.gravatar.com\/avatar\/4a284f48ea909d7b59ef1a93da122743?s=96&d=mm&r=g\",\"caption\":\"Quint Buchholz\"},\"logo\":{\"@id\":\"https:\/\/www.quintbuchholz.de\/en\/#\/schema\/person\/image\/\"}}]}<\/script>\n<!-- \/ Yoast SEO plugin. -->","yoast_head_json":{"title":"Links | Quint Buchholz","robots":{"index":"index","follow":"follow","max-snippet":"max-snippet:-1","max-image-preview":"max-image-preview:large","max-video-preview":"max-video-preview:-1"},"canonical":"https:\/\/www.quintbuchholz.de\/en\/links\/","og_locale":"en_US","og_type":"article","og_title":"Links | Quint Buchholz","og_description":"Press S\u00fcddeutsche ZeitungNew York TimesNeues DeutschlandDIE ZEITBorrom\u00e4usverein Books Hanser VerlagInsel VerlagFischer Verlagdtv\/Reihe Hanser Audio Books Der H\u00f6rverlagArgon Verlag Postcards Inkognito Calendars Heye Other Beuteltier Art GalerieGalerie der Buchhandlung am Obstmarkt (Gallery by the Fruit Market)Galerie RothweilerGalerie Villa MariaGalerie Art&amp;FormImke McMurtrieMetropol TheaterArs Vivendi Colleagues Susanne Stra\u00dferRegina KehnSusanne JanssenKatharina R\u00fccker-WeiningerLine HovenAnke B\u00e4rRotraut Susanne BernerDaniela KulotCornelia von SeidleinErhard [&hellip;]","og_url":"https:\/\/www.quintbuchholz.de\/en\/links\/","og_site_name":"Quint Buchholz","article_modified_time":"2022-03-04T16:21:12+00:00","og_image":[{"url":"https:\/\/www.quintbuchholz.de\/en\/wp-content\/uploads\/sites\/2\/2020\/04\/instagram-logo.png"}],"twitter_card":"summary_large_image","schema":{"@context":"https:\/\/schema.org","@graph":[{"@type":"WebPage","@id":"https:\/\/www.quintbuchholz.de\/en\/links\/","url":"https:\/\/www.quintbuchholz.de\/en\/links\/","name":"Links | Quint Buchholz","isPartOf":{"@id":"https:\/\/www.quintbuchholz.de\/en\/#website"},"datePublished":"2016-01-01T11:12:16+00:00","dateModified":"2022-03-04T16:21:12+00:00","breadcrumb":{"@id":"https:\/\/www.quintbuchholz.de\/en\/links\/#breadcrumb"},"inLanguage":"en-US","potentialAction":[{"@type":"ReadAction","target":["https:\/\/www.quintbuchholz.de\/en\/links\/"]}]},{"@type":"BreadcrumbList","@id":"https:\/\/www.quintbuchholz.de\/en\/links\/#breadcrumb","itemListElement":[{"@type":"ListItem","position":1,"name":"Startseite","item":"https:\/\/www.quintbuchholz.de\/en\/"},{"@type":"ListItem","position":2,"name":"Links"}]},{"@type":"WebSite","@id":"https:\/\/www.quintbuchholz.de\/en\/#website","url":"https:\/\/www.quintbuchholz.de\/en\/","name":"Quint Buchholz","description":"","publisher":{"@id":"https:\/\/www.quintbuchholz.de\/en\/#\/schema\/person\/09ac99d18f838bb403752c1cbf3b2388"},"potentialAction":[{"@type":"SearchAction","target":{"@type":"EntryPoint","urlTemplate":"https:\/\/www.quintbuchholz.de\/en\/?s={search_term_string}"},"query-input":"required name=search_term_string"}],"inLanguage":"en-US"},{"@type":["Person","Organization"],"@id":"https:\/\/www.quintbuchholz.de\/en\/#\/schema\/person\/09ac99d18f838bb403752c1cbf3b2388","name":"Quint Buchholz","image":{"@type":"ImageObject","inLanguage":"en-US","@id":"https:\/\/www.quintbuchholz.de\/en\/#\/schema\/person\/image\/","url":"https:\/\/secure.gravatar.com\/avatar\/4a284f48ea909d7b59ef1a93da122743?s=96&d=mm&r=g","contentUrl":"https:\/\/secure.gravatar.com\/avatar\/4a284f48ea909d7b59ef1a93da122743?s=96&d=mm&r=g","caption":"Quint Buchholz"},"logo":{"@id":"https:\/\/www.quintbuchholz.de\/en\/#\/schema\/person\/image\/"}}]}},"jetpack_shortlink":"https:\/\/wp.me\/P75aCj-x","_links":{"self":[{"href":"https:\/\/www.quintbuchholz.de\/en\/wp-json\/wp\/v2\/pages\/33"}],"collection":[{"href":"https:\/\/www.quintbuchholz.de\/en\/wp-json\/wp\/v2\/pages"}],"about":[{"href":"https:\/\/www.quintbuchholz.de\/en\/wp-json\/wp\/v2\/types\/page"}],"author":[{"embeddable":true,"href":"https:\/\/www.quintbuchholz.de\/en\/wp-json\/wp\/v2\/users\/1"}],"replies":[{"embeddable":true,"href":"https:\/\/www.quintbuchholz.de\/en\/wp-json\/wp\/v2\/comments?post=33"}],"version-history":[{"count":17,"href":"https:\/\/www.quintbuchholz.de\/en\/wp-json\/wp\/v2\/pages\/33\/revisions"}],"predecessor-version":[{"id":2170,"href":"https:\/\/www.quintbuchholz.de\/en\/wp-json\/wp\/v2\/pages\/33\/revisions\/2170"}],"wp:attachment":[{"href":"https:\/\/www.quintbuchholz.de\/en\/wp-json\/wp\/v2\/media?parent=33"}],"curies":[{"name":"wp","href":"https:\/\/api.w.org\/{rel}","templated":true}]}}